{"id":4735,"date":"2023-09-10T10:58:30","date_gmt":"2023-09-10T14:58:30","guid":{"rendered":"http:\/\/www.healcanada.org\/ressources\/groupes-de-defense-des-patients\/"},"modified":"2024-01-18T06:42:54","modified_gmt":"2024-01-18T11:42:54","slug":"groupes-de-defense-des-patients","status":"publish","type":"page","link":"https:\/\/www.healcanada.org\/fr\/ressources\/groupes-de-defense-des-patients\/","title":{"rendered":"Groupes de d\u00e9fense des patients"},"content":{"rendered":"\n<p class=\"wp-block-paragraph\">Liste des groupes de soutien<\/p>\n","protected":false},"excerpt":{"rendered":"<p>Liste des groupes de soutien<\/p>\n","protected":false},"author":152821918,"featured_media":0,"parent":4732,"menu_order":1,"comment_status":"closed","ping_status":"closed","template":"templates\/full-width-page.php","meta":{"_coblocks_attr":"","_coblocks_dimensions":"","_coblocks_responsive_height":"","_coblocks_accordion_ie_support":"","_crdt_document":"","inline_featured_image":false,"advanced_seo_description":"","jetpack_seo_html_title":"","jetpack_seo_noindex":false,"jetpack_post_was_ever_published":false,"footnotes":""},"class_list":["post-4735","page","type-page","status-publish","hentry"],"jetpack_likes_enabled":false,"jetpack_sharing_enabled":false,"jetpack_shortlink":"https:\/\/wp.me\/PgfgpD-1en","jetpack-related-posts":[{"id":4688,"url":"https:\/\/www.healcanada.org\/fr\/accueil\/","url_meta":{"origin":4735,"position":0},"title":"Accueil","author":"healcanada","date":"15 f\u00e9vrier 2019","format":false,"excerpt":"Bienvenue \u00e0 Gu\u00e9rison Canada : Gu\u00e9rison Canada souhaite la bienvenue \u00e0 Brigitte Leonard PHD, qui s'est jointe \u00e0 Gu\u00e9rison Canada \u00e0 titre de directrice scientifique. Pr\u00e9sentation de Brigitte Leonard \u00e0 titre de directrice scientifique de Heal Canada Gu\u00e9rison Canada est fier d'annoncer la nomination de Brigitte Leonard au poste de\u2026","rel":"","context":"Article similaire","block_context":{"text":"Article similaire","link":""},"img":{"alt_text":"","src":"","width":0,"height":0},"classes":[]},{"id":4711,"url":"https:\/\/www.healcanada.org\/fr\/a-propos-de-nous\/","url_meta":{"origin":4735,"position":1},"title":"\u00c0 propos de nous","author":"healcanada","date":"24 juillet 2019","format":false,"excerpt":"Apr\u00e8s de nombreuses ann\u00e9es de d\u00e9fense des droits des patients et d\u2019efforts pour atteindre autant de patients et de familles que possible, nous avons appris deux choses essentielles sur ce qu\u2019il faut pour apporter un changement significatif. Communaut\u00e9. Personne ne r\u00e9ussit seul. Ensemble, nous avons pass\u00e9 des ann\u00e9es \u00e0 entretenir\u2026","rel":"","context":"Article similaire","block_context":{"text":"Article similaire","link":""},"img":{"alt_text":"","src":"","width":0,"height":0},"classes":[]},{"id":4738,"url":"https:\/\/www.healcanada.org\/fr\/ressources\/education-a-la-defense-des-droits-des-patients\/","url_meta":{"origin":4735,"position":2},"title":"\u00c9ducation \u00e0 la d\u00e9fense des droits des patients","author":"healcanada","date":"10 septembre 2023","format":false,"excerpt":"Il existe plus de 5 700 organismes de bienfaisance enregistr\u00e9s dans le domaine de la sant\u00e9 au Canada. Parmi ceux-ci, seul un petit pourcentage est probablement g\u00e9r\u00e9 par des directeurs ex\u00e9cutifs bien qualifi\u00e9s, dirig\u00e9s par un personnel correctement form\u00e9 et des b\u00e9n\u00e9voles comp\u00e9tents. Dans la plupart des cas, les groupes\u2026","rel":"","context":"Article similaire","block_context":{"text":"Article similaire","link":""},"img":{"alt_text":"","src":"","width":0,"height":0},"classes":[]},{"id":4723,"url":"https:\/\/www.healcanada.org\/fr\/magazine-numerique-guerison-canada\/","url_meta":{"origin":4735,"position":3},"title":"Magazine num\u00e9rique Gu\u00e9rison Canada","author":"healcanada","date":"2 ao\u00fbt 2023","format":false,"excerpt":"Abonnez-vous pour recevoir le magazine num\u00e9rique Num\u00e9ros pass\u00e9s Nous sommes ravis de d\u00e9voiler notre nouvelle initiative, le magazine num\u00e9rique Heal Canada. Plus qu'une simple publication num\u00e9rique, ce magazine \u00e9merge d'une compr\u00e9hension profonde de la dynamique changeante de la d\u00e9fense des droits des patients au Canada et du besoin urgent de\u2026","rel":"","context":"Article similaire","block_context":{"text":"Article similaire","link":""},"img":{"alt_text":"","src":"","width":0,"height":0},"classes":[]},{"id":4900,"url":"https:\/\/www.healcanada.org\/fr\/numeros-passes\/","url_meta":{"origin":4735,"position":4},"title":"Num\u00e9ros pass\u00e9s","author":"UBM_administrator","date":"15 f\u00e9vrier 2024","format":false,"excerpt":"Abonnez-vous pour recevoir le magazine num\u00e9rique E3 Advocacy Issue 9 June 2025 French MBMH Issue 7 E3 Advocacy Issue 8 MBMH Issue 6 E3 Advocacy 2025 Issue 7 MBMH Issue 5 E3 Advocacy Issue 6 Dec 2024 Issue #4 Issue 5 E3 Plaidoyer Issue #3 Issue #2 Issue 4 E3\u2026","rel":"","context":"Article similaire","block_context":{"text":"Article similaire","link":""},"img":{"alt_text":"","src":"https:\/\/i0.wp.com\/www.healcanada.org\/wp-content\/uploads\/2025\/09\/French-Cover.jpg?resize=350%2C200&ssl=1","width":350,"height":200,"srcset":"https:\/\/i0.wp.com\/www.healcanada.org\/wp-content\/uploads\/2025\/09\/French-Cover.jpg?resize=350%2C200&ssl=1 1x, https:\/\/i0.wp.com\/www.healcanada.org\/wp-content\/uploads\/2025\/09\/French-Cover.jpg?resize=525%2C300&ssl=1 1.5x, https:\/\/i0.wp.com\/www.healcanada.org\/wp-content\/uploads\/2025\/09\/French-Cover.jpg?resize=700%2C400&ssl=1 2x, https:\/\/i0.wp.com\/www.healcanada.org\/wp-content\/uploads\/2025\/09\/French-Cover.jpg?resize=1050%2C600&ssl=1 3x, https:\/\/i0.wp.com\/www.healcanada.org\/wp-content\/uploads\/2025\/09\/French-Cover.jpg?resize=1400%2C800&ssl=1 4x"},"classes":[]},{"id":4910,"url":"https:\/\/www.healcanada.org\/fr\/survey\/","url_meta":{"origin":4735,"position":5},"title":"Survey","author":"UBM_administrator","date":"21 f\u00e9vrier 2024","format":false,"excerpt":"Start Survey Sondage sur la qualit\u00e9 de vie - Patients atteints de cancer du sang 1. Description du projet Pour vous, les patients, notre objectif est d\u2019am\u00e9liorer les services de soins de sant\u00e9 li\u00e9s au cancer du sang. Pour atteindre cet objectif, nous devons rassembler des donn\u00e9es compl\u00e8tes sur l\u2019impact\u2026","rel":"","context":"Article similaire","block_context":{"text":"Article similaire","link":""},"img":{"alt_text":"","src":"","width":0,"height":0},"classes":[]}],"_links":{"self":[{"href":"https:\/\/www.healcanada.org\/fr\/wp-json\/wp\/v2\/pages\/4735","targetHints":{"allow":["GET"]}}],"collection":[{"href":"https:\/\/www.healcanada.org\/fr\/wp-json\/wp\/v2\/pages"}],"about":[{"href":"https:\/\/www.healcanada.org\/fr\/wp-json\/wp\/v2\/types\/page"}],"author":[{"embeddable":true,"href":"https:\/\/www.healcanada.org\/fr\/wp-json\/wp\/v2\/users\/152821918"}],"replies":[{"embeddable":true,"href":"https:\/\/www.healcanada.org\/fr\/wp-json\/wp\/v2\/comments?post=4735"}],"version-history":[{"count":1,"href":"https:\/\/www.healcanada.org\/fr\/wp-json\/wp\/v2\/pages\/4735\/revisions"}],"predecessor-version":[{"id":4736,"href":"https:\/\/www.healcanada.org\/fr\/wp-json\/wp\/v2\/pages\/4735\/revisions\/4736"}],"up":[{"embeddable":true,"href":"https:\/\/www.healcanada.org\/fr\/wp-json\/wp\/v2\/pages\/4732"}],"wp:attachment":[{"href":"https:\/\/www.healcanada.org\/fr\/wp-json\/wp\/v2\/media?parent=4735"}],"curies":[{"name":"wp","href":"https:\/\/api.w.org\/{rel}","templated":true}]}}