{"id":4733,"date":"2023-09-10T10:57:20","date_gmt":"2023-09-10T14:57:20","guid":{"rendered":"http:\/\/www.healcanada.org\/ressources\/ressources-de-defense-des-droits-des-patients\/"},"modified":"2024-01-18T06:38:41","modified_gmt":"2024-01-18T11:38:41","slug":"ressources-de-defense-des-droits-des-patients","status":"publish","type":"page","link":"https:\/\/www.healcanada.org\/fr\/ressources\/ressources-de-defense-des-droits-des-patients\/","title":{"rendered":"Ressources de d\u00e9fense des droits des patients"},"content":{"rendered":"","protected":false},"excerpt":{"rendered":"","protected":false},"author":152821918,"featured_media":0,"parent":4732,"menu_order":0,"comment_status":"closed","ping_status":"closed","template":"templates\/full-width-page.php","meta":{"_coblocks_attr":"","_coblocks_dimensions":"","_coblocks_responsive_height":"","_coblocks_accordion_ie_support":"","_crdt_document":"","inline_featured_image":false,"advanced_seo_description":"","jetpack_seo_html_title":"","jetpack_seo_noindex":false,"jetpack_post_was_ever_published":false,"footnotes":""},"class_list":["post-4733","page","type-page","status-publish","hentry"],"jetpack_likes_enabled":false,"jetpack_sharing_enabled":false,"jetpack_shortlink":"https:\/\/wp.me\/PgfgpD-1el","jetpack-related-posts":[{"id":4738,"url":"https:\/\/www.healcanada.org\/fr\/ressources\/education-a-la-defense-des-droits-des-patients\/","url_meta":{"origin":4733,"position":0},"title":"\u00c9ducation \u00e0 la d\u00e9fense des droits des patients","author":"healcanada","date":"10 septembre 2023","format":false,"excerpt":"Il existe plus de 5 700 organismes de bienfaisance enregistr\u00e9s dans le domaine de la sant\u00e9 au Canada. Parmi ceux-ci, seul un petit pourcentage est probablement g\u00e9r\u00e9 par des directeurs ex\u00e9cutifs bien qualifi\u00e9s, dirig\u00e9s par un personnel correctement form\u00e9 et des b\u00e9n\u00e9voles comp\u00e9tents. Dans la plupart des cas, les groupes\u2026","rel":"","context":"Article similaire","block_context":{"text":"Article similaire","link":""},"img":{"alt_text":"","src":"","width":0,"height":0},"classes":[]},{"id":4688,"url":"https:\/\/www.healcanada.org\/fr\/accueil\/","url_meta":{"origin":4733,"position":1},"title":"Accueil","author":"healcanada","date":"15 f\u00e9vrier 2019","format":false,"excerpt":"Bienvenue \u00e0 Gu\u00e9rison Canada : Gu\u00e9rison Canada souhaite la bienvenue \u00e0 Brigitte Leonard PHD, qui s'est jointe \u00e0 Gu\u00e9rison Canada \u00e0 titre de directrice scientifique. Pr\u00e9sentation de Brigitte Leonard \u00e0 titre de directrice scientifique de Heal Canada Gu\u00e9rison Canada est fier d'annoncer la nomination de Brigitte Leonard au poste de\u2026","rel":"","context":"Article similaire","block_context":{"text":"Article similaire","link":""},"img":{"alt_text":"","src":"","width":0,"height":0},"classes":[]},{"id":4718,"url":"https:\/\/www.healcanada.org\/fr\/a-propos-de-nous\/demande-de-conseil-consultatif\/","url_meta":{"origin":4733,"position":2},"title":"Demande de conseil consultatif","author":"healcanada","date":"10 septembre 2023","format":false,"excerpt":"Joignez-vous au Conseil consultatif des patients de Gu\u00e9rir Canada Faites partie du Conseil consultatif des ressources de Gu\u00e9rison Canada. Fournir une r\u00e9troaction continue sur les questions pertinentes \u00e0 la d\u00e9fense des droits des patients au Canada. Nous recherchons des patients, des partenaires de soins et des ambassadeurs g\u00e9n\u00e9raux Envoyez vos\u2026","rel":"","context":"Article similaire","block_context":{"text":"Article similaire","link":""},"img":{"alt_text":"","src":"","width":0,"height":0},"classes":[]},{"id":4714,"url":"https:\/\/www.healcanada.org\/fr\/mission-et-vision\/","url_meta":{"origin":4733,"position":3},"title":"Mission et vision","author":"healcanada","date":"7 septembre 2023","format":false,"excerpt":"Mission Chez Gu\u00e9rir Canada, notre mission est d'autonomiser les patients, d'am\u00e9liorer les r\u00e9sultats des soins de sant\u00e9 et de plaider en faveur d'un acc\u00e8s \u00e9quitable \u00e0 des soins de sant\u00e9 de qualit\u00e9 partout au Canada. En tant qu'organisation sans but lucratif de d\u00e9fense et d'\u00e9ducation des patients, nous nous engageons\u2026","rel":"","context":"Article similaire","block_context":{"text":"Article similaire","link":""},"img":{"alt_text":"","src":"","width":0,"height":0},"classes":[]},{"id":7607,"url":"https:\/\/www.healcanada.org\/fr\/a-propos-de-nous\/mission-et-vision-de-guerison-canada\/","url_meta":{"origin":4733,"position":4},"title":"Mission et vision de Gu\u00e9rison Canada","author":"UBM_administrator","date":"12 mars 2025","format":false,"excerpt":"La mission de Gu\u00e9rison Canada Chez Gu\u00e9rir Canada, notre mission est d'autonomiser les patients, d'am\u00e9liorer les r\u00e9sultats des soins de sant\u00e9 et de plaider en faveur d'un acc\u00e8s \u00e9quitable \u00e0 des soins de sant\u00e9 de qualit\u00e9 partout au Canada. En tant qu'organisation sans but lucratif de d\u00e9fense et d'\u00e9ducation des\u2026","rel":"","context":"Article similaire","block_context":{"text":"Article similaire","link":""},"img":{"alt_text":"","src":"","width":0,"height":0},"classes":[]},{"id":4735,"url":"https:\/\/www.healcanada.org\/fr\/ressources\/groupes-de-defense-des-patients\/","url_meta":{"origin":4733,"position":5},"title":"Groupes de d\u00e9fense des patients","author":"healcanada","date":"10 septembre 2023","format":false,"excerpt":"Liste des groupes de soutien","rel":"","context":"Article similaire","block_context":{"text":"Article similaire","link":""},"img":{"alt_text":"","src":"","width":0,"height":0},"classes":[]}],"_links":{"self":[{"href":"https:\/\/www.healcanada.org\/fr\/wp-json\/wp\/v2\/pages\/4733","targetHints":{"allow":["GET"]}}],"collection":[{"href":"https:\/\/www.healcanada.org\/fr\/wp-json\/wp\/v2\/pages"}],"about":[{"href":"https:\/\/www.healcanada.org\/fr\/wp-json\/wp\/v2\/types\/page"}],"author":[{"embeddable":true,"href":"https:\/\/www.healcanada.org\/fr\/wp-json\/wp\/v2\/users\/152821918"}],"replies":[{"embeddable":true,"href":"https:\/\/www.healcanada.org\/fr\/wp-json\/wp\/v2\/comments?post=4733"}],"version-history":[{"count":1,"href":"https:\/\/www.healcanada.org\/fr\/wp-json\/wp\/v2\/pages\/4733\/revisions"}],"predecessor-version":[{"id":4734,"href":"https:\/\/www.healcanada.org\/fr\/wp-json\/wp\/v2\/pages\/4733\/revisions\/4734"}],"up":[{"embeddable":true,"href":"https:\/\/www.healcanada.org\/fr\/wp-json\/wp\/v2\/pages\/4732"}],"wp:attachment":[{"href":"https:\/\/www.healcanada.org\/fr\/wp-json\/wp\/v2\/media?parent=4733"}],"curies":[{"name":"wp","href":"https:\/\/api.w.org\/{rel}","templated":true}]}}