{"id":4730,"date":"2023-09-10T10:00:47","date_gmt":"2023-09-10T14:00:47","guid":{"rendered":"http:\/\/www.healcanada.org\/mission-et-vision\/la-vision-de-guerir-le-canada\/"},"modified":"2024-01-18T06:33:27","modified_gmt":"2024-01-18T11:33:27","slug":"la-vision-de-guerir-le-canada","status":"publish","type":"page","link":"https:\/\/www.healcanada.org\/fr\/mission-et-vision\/la-vision-de-guerir-le-canada\/","title":{"rendered":"La vision de Gu\u00e9rir le Canada"},"content":{"rendered":"\n<h5 class=\"wp-block-heading\"><strong>Vision<\/strong><\/h5>\n\n<p class=\"wp-block-paragraph\">Cr\u00e9er des ressources pour les d\u00e9fenseurs des patients et leur \u00e9cosyst\u00e8me qui donnent la priorit\u00e9 aux besoins des patients, fournissent une \u00e9ducation pour des soins de qualit\u00e9 et favorisent la collaboration entre les patients, les prestataires de soins de sant\u00e9, les parties prenantes et les d\u00e9cideurs politiques.<\/p>\n","protected":false},"excerpt":{"rendered":"<p>Vision Cr\u00e9er des ressources pour les d\u00e9fenseurs des patients et leur \u00e9cosyst\u00e8me qui donnent la priorit\u00e9 aux besoins des patients, fournissent une \u00e9ducation pour des soins de qualit\u00e9 et favorisent la collaboration entre les patients, les prestataires de soins de sant\u00e9, les parties prenantes et les d\u00e9cideurs politiques.<\/p>\n","protected":false},"author":152821918,"featured_media":0,"parent":4714,"menu_order":1,"comment_status":"closed","ping_status":"closed","template":"templates\/full-width-page.php","meta":{"_coblocks_attr":"","_coblocks_dimensions":"","_coblocks_responsive_height":"","_coblocks_accordion_ie_support":"","_crdt_document":"","inline_featured_image":false,"advanced_seo_description":"","jetpack_seo_html_title":"","jetpack_seo_noindex":false,"jetpack_post_was_ever_published":false,"footnotes":""},"class_list":["post-4730","page","type-page","status-publish","hentry"],"jetpack_likes_enabled":false,"jetpack_sharing_enabled":false,"jetpack_shortlink":"https:\/\/wp.me\/PgfgpD-1ei","jetpack-related-posts":[{"id":4714,"url":"https:\/\/www.healcanada.org\/fr\/mission-et-vision\/","url_meta":{"origin":4730,"position":0},"title":"Mission et vision","author":"healcanada","date":"7 septembre 2023","format":false,"excerpt":"Mission Chez Gu\u00e9rir Canada, notre mission est d'autonomiser les patients, d'am\u00e9liorer les r\u00e9sultats des soins de sant\u00e9 et de plaider en faveur d'un acc\u00e8s \u00e9quitable \u00e0 des soins de sant\u00e9 de qualit\u00e9 partout au Canada. En tant qu'organisation sans but lucratif de d\u00e9fense et d'\u00e9ducation des patients, nous nous engageons\u2026","rel":"","context":"Article similaire","block_context":{"text":"Article similaire","link":""},"img":{"alt_text":"","src":"","width":0,"height":0},"classes":[]},{"id":7607,"url":"https:\/\/www.healcanada.org\/fr\/a-propos-de-nous\/mission-et-vision-de-guerison-canada\/","url_meta":{"origin":4730,"position":1},"title":"Mission et vision de Gu\u00e9rison Canada","author":"UBM_administrator","date":"12 mars 2025","format":false,"excerpt":"La mission de Gu\u00e9rison Canada Chez Gu\u00e9rir Canada, notre mission est d'autonomiser les patients, d'am\u00e9liorer les r\u00e9sultats des soins de sant\u00e9 et de plaider en faveur d'un acc\u00e8s \u00e9quitable \u00e0 des soins de sant\u00e9 de qualit\u00e9 partout au Canada. En tant qu'organisation sans but lucratif de d\u00e9fense et d'\u00e9ducation des\u2026","rel":"","context":"Article similaire","block_context":{"text":"Article similaire","link":""},"img":{"alt_text":"","src":"","width":0,"height":0},"classes":[]},{"id":4688,"url":"https:\/\/www.healcanada.org\/fr\/accueil\/","url_meta":{"origin":4730,"position":2},"title":"Accueil","author":"healcanada","date":"15 f\u00e9vrier 2019","format":false,"excerpt":"Bienvenue \u00e0 Gu\u00e9rison Canada : Gu\u00e9rison Canada souhaite la bienvenue \u00e0 Brigitte Leonard PHD, qui s'est jointe \u00e0 Gu\u00e9rison Canada \u00e0 titre de directrice scientifique. Pr\u00e9sentation de Brigitte Leonard \u00e0 titre de directrice scientifique de Heal Canada Gu\u00e9rison Canada est fier d'annoncer la nomination de Brigitte Leonard au poste de\u2026","rel":"","context":"Article similaire","block_context":{"text":"Article similaire","link":""},"img":{"alt_text":"","src":"","width":0,"height":0},"classes":[]},{"id":4910,"url":"https:\/\/www.healcanada.org\/fr\/survey\/","url_meta":{"origin":4730,"position":3},"title":"Survey","author":"UBM_administrator","date":"21 f\u00e9vrier 2024","format":false,"excerpt":"Start Survey Sondage sur la qualit\u00e9 de vie - Patients atteints de cancer du sang 1. Description du projet Pour vous, les patients, notre objectif est d\u2019am\u00e9liorer les services de soins de sant\u00e9 li\u00e9s au cancer du sang. Pour atteindre cet objectif, nous devons rassembler des donn\u00e9es compl\u00e8tes sur l\u2019impact\u2026","rel":"","context":"Article similaire","block_context":{"text":"Article similaire","link":""},"img":{"alt_text":"","src":"","width":0,"height":0},"classes":[]},{"id":7541,"url":"https:\/\/www.healcanada.org\/fr\/a-propos-de-nous\/conseil-dadministration\/","url_meta":{"origin":4730,"position":4},"title":"Conseil d&rsquo;administration","author":"UBM_administrator","date":"9 mars 2025","format":false,"excerpt":"Pr\u00e9sentation de Brigitte Leonard \u00e0 titre de directrice scientifique de Heal Canada Gu\u00e9rison Canada est fier d'annoncer la nomination de Brigitte Leonard au poste de notre nouvelle directrice scientifique (CSO). Forte d\u2019une illustre carri\u00e8re de plus de deux d\u00e9cennies dans le domaine des soins de sant\u00e9 et de la recherche\u2026","rel":"","context":"Article similaire","block_context":{"text":"Article similaire","link":""},"img":{"alt_text":"","src":"","width":0,"height":0},"classes":[]},{"id":4723,"url":"https:\/\/www.healcanada.org\/fr\/magazine-numerique-guerison-canada\/","url_meta":{"origin":4730,"position":5},"title":"Magazine num\u00e9rique Gu\u00e9rison Canada","author":"healcanada","date":"2 ao\u00fbt 2023","format":false,"excerpt":"Abonnez-vous pour recevoir le magazine num\u00e9rique Num\u00e9ros pass\u00e9s Nous sommes ravis de d\u00e9voiler notre nouvelle initiative, le magazine num\u00e9rique Heal Canada. Plus qu'une simple publication num\u00e9rique, ce magazine \u00e9merge d'une compr\u00e9hension profonde de la dynamique changeante de la d\u00e9fense des droits des patients au Canada et du besoin urgent de\u2026","rel":"","context":"Article similaire","block_context":{"text":"Article similaire","link":""},"img":{"alt_text":"","src":"","width":0,"height":0},"classes":[]}],"_links":{"self":[{"href":"https:\/\/www.healcanada.org\/fr\/wp-json\/wp\/v2\/pages\/4730","targetHints":{"allow":["GET"]}}],"collection":[{"href":"https:\/\/www.healcanada.org\/fr\/wp-json\/wp\/v2\/pages"}],"about":[{"href":"https:\/\/www.healcanada.org\/fr\/wp-json\/wp\/v2\/types\/page"}],"author":[{"embeddable":true,"href":"https:\/\/www.healcanada.org\/fr\/wp-json\/wp\/v2\/users\/152821918"}],"replies":[{"embeddable":true,"href":"https:\/\/www.healcanada.org\/fr\/wp-json\/wp\/v2\/comments?post=4730"}],"version-history":[{"count":1,"href":"https:\/\/www.healcanada.org\/fr\/wp-json\/wp\/v2\/pages\/4730\/revisions"}],"predecessor-version":[{"id":4731,"href":"https:\/\/www.healcanada.org\/fr\/wp-json\/wp\/v2\/pages\/4730\/revisions\/4731"}],"up":[{"embeddable":true,"href":"https:\/\/www.healcanada.org\/fr\/wp-json\/wp\/v2\/pages\/4714"}],"wp:attachment":[{"href":"https:\/\/www.healcanada.org\/fr\/wp-json\/wp\/v2\/media?parent=4730"}],"curies":[{"name":"wp","href":"https:\/\/api.w.org\/{rel}","templated":true}]}}