{"id":4723,"date":"2023-08-02T10:22:07","date_gmt":"2023-08-02T14:22:07","guid":{"rendered":"http:\/\/www.healcanada.org\/magazine-numerique-guerison-canada\/"},"modified":"2025-09-23T08:01:13","modified_gmt":"2025-09-23T12:01:13","slug":"magazine-numerique-guerison-canada","status":"publish","type":"page","link":"https:\/\/www.healcanada.org\/fr\/magazine-numerique-guerison-canada\/","title":{"rendered":"Magazine num\u00e9rique Gu\u00e9rison Canada"},"content":{"rendered":"\n<p class=\"wp-block-paragraph\">Abonnez-vous pour recevoir le magazine num\u00e9rique<\/p>\n\n\n<div class=\"wp-block-jetpack-contact-form is-layout-flex wp-container-jetpack-contact-form-is-layout-7f6ac06e wp-block-jetpack-contact-form-is-layout-flex\"><a href=\"https:\/\/www.healcanada.org\/fr\/magazine-numerique-guerison-canada\/\" target=\"_blank\" rel=\"noopener noreferrer\">Soumettre un formulaire.<\/a><\/div>\n\n\n<div style=\"height:60px\" aria-hidden=\"true\" class=\"wp-block-spacer\"><\/div>\n\n\n\n<div style=\"position:relative;padding-top:max(60%,326px);height:0;width:100%\"><iframe allow=\"clipboard-write\" sandbox=\"allow-top-navigation allow-top-navigation-by-user-activation allow-downloads allow-scripts allow-same-origin allow-popups allow-modals allow-popups-to-escape-sandbox allow-forms\" allowfullscreen=\"true\" style=\"position:absolute;border:none;width:100%;height:100%;left:0;right:0;top:0;bottom:0;\" src=\"https:\/\/e.issuu.com\/embed.html?d=mbmh_issue_8_september_2025&#038;u=healcanada\"><\/iframe><\/div>\n\n\n\n<div style=\"height:30px\" aria-hidden=\"true\" class=\"wp-block-spacer\"><\/div>\n\n\n\n<div class=\"wp-block-buttons is-layout-flex wp-block-buttons-is-layout-flex\">\n<div class=\"wp-block-button\"><a class=\"wp-block-button__link wp-element-button\" href=\"https:\/\/www.healcanada.org\/fr\/numeros-passes\/\">Num\u00e9ros pass\u00e9s<\/a><\/div>\n<\/div>\n\n\n\n<div style=\"height:30px\" aria-hidden=\"true\" class=\"wp-block-spacer\"><\/div>\n\n\n\n<p class=\"wp-block-paragraph\">Nous sommes ravis de d\u00e9voiler notre nouvelle initiative, le magazine num\u00e9rique Heal Canada. Plus qu&rsquo;une simple publication num\u00e9rique, ce magazine \u00e9merge d&rsquo;une compr\u00e9hension profonde de la dynamique changeante de la d\u00e9fense des droits des patients au Canada et du besoin urgent de faire entendre la voix des patients.<\/p>\n\n\n\n<p class=\"wp-block-paragraph\"><strong>Pourquoi un magazine num\u00e9rique d\u00e9di\u00e9 \u00e0 la d\u00e9fense des droits des patients au Canada ?<\/strong><\/p>\n\n\n\n<p class=\"wp-block-paragraph\">Conversations sur les soins de sant\u00e9 holistiques : Dans le vaste discours entourant les soins de sant\u00e9 au Canada, une voix cruciale a souvent \u00e9t\u00e9 sous-repr\u00e9sent\u00e9e : le patient. Heal Canada vise \u00e0 redresser ce d\u00e9s\u00e9quilibre en se concentrant directement sur les perspectives, les exp\u00e9riences et les droits des patients.<\/p>\n\n\n\n<p class=\"wp-block-paragraph\"><strong>Combler les lacunes dans les connaissances:<\/strong> malgr\u00e9 tous les efforts des professionnels de la sant\u00e9, les patients se sentent parfois perdus, mal inform\u00e9s ou mis \u00e0 l&rsquo;\u00e9cart. Notre magazine cherche \u00e0 combler ces lacunes, en garantissant que les patients sont bien inform\u00e9s et se sentent en confiance pour d\u00e9fendre leur propre parcours de soins de sant\u00e9 et en <strong>\u00e9duquant et en responsabilisant<\/strong> les groupes de d\u00e9fense des patients.<\/p>\n\n\n\n<p class=\"wp-block-paragraph\"><strong>Autonomisez gr\u00e2ce aux histoires:<\/strong> chaque patient a une histoire. En partageant des exp\u00e9riences r\u00e9elles, des d\u00e9fis et des r\u00e9ussites, nous esp\u00e9rons inspirer et responsabiliser les autres, mettant en valeur la force et la r\u00e9silience du peuple canadien.<\/p>\n\n\n\n<p class=\"wp-block-paragraph\"><strong>Naviguez dans l\u2019\u00e8re num\u00e9rique:<\/strong> dans le monde num\u00e9rique en \u00e9volution rapide d\u2019aujourd\u2019hui, il est primordial d\u2019acc\u00e9der \u00e0 des informations pertinentes, pr\u00e9cises et actuelles. Gr\u00e2ce \u00e0 notre format de magazine num\u00e9rique, les Canadiens peuvent facilement se tenir au courant des questions de d\u00e9fense des droits des patients, \u00e0 partir de n&rsquo;importe quel appareil et \u00e0 tout moment.<\/p>\n\n\n\n<p class=\"wp-block-paragraph\"><strong>Plateforme unifi\u00e9e pour un changement collaboratif:<\/strong> Gu\u00e9rir Canada n\u2019est pas seulement une histoire d\u2019histoires. Il s\u2019agit de susciter le dialogue, la collaboration et un v\u00e9ritable changement. En r\u00e9unissant les prestataires de soins de sant\u00e9, les d\u00e9cideurs politiques et les patients, nous visons \u00e0 favoriser un environnement de compr\u00e9hension mutuelle et de transformation positive.<\/p>\n\n\n\n<p class=\"wp-block-paragraph\">Le Canada, avec sa riche mosa\u00efque de cultures, de g\u00e9ographies et de peuples, a besoin <strong>d\u2019une voix coh\u00e9rente pour relever les d\u00e9fis et opportunit\u00e9s uniques en mati\u00e8re de d\u00e9fense des droits des patients<\/strong>. Le magazine num\u00e9rique \u00ab\u00a0Heal Canada\u00a0\u00bb t\u00e9moigne de notre engagement \u00e0 garantir que cette voix collective soit entendue, respect\u00e9e et mise en \u0153uvre.<\/p>\n\n\n\n<p class=\"wp-block-paragraph\">Nous vous invitons \u00e0 faire partie de ce voyage transformateur. Ensemble, d\u00e9fendons la cause des patients et veillons \u00e0 ce que le syst\u00e8me de sant\u00e9 canadien soit aussi compatissant, inclusif et efficace que les personnes qu\u2019il sert.<\/p>\n","protected":false},"excerpt":{"rendered":"<p>Abonnez-vous pour recevoir le magazine num\u00e9rique Nous sommes ravis de d\u00e9voiler notre nouvelle initiative, le magazine num\u00e9rique Heal Canada. Plus qu&rsquo;une simple publication num\u00e9rique, ce magazine \u00e9merge d&rsquo;une compr\u00e9hension profonde de la dynamique changeante de la d\u00e9fense des droits des patients au Canada et du besoin urgent de faire entendre la voix des patients. Pourquoi &hellip; <a href=\"https:\/\/www.healcanada.org\/fr\/magazine-numerique-guerison-canada\/\" class=\"more-link\">Continue reading <span class=\"screen-reader-text\">Magazine num\u00e9rique Gu\u00e9rison Canada<\/span><\/a><\/p>\n","protected":false},"author":152821918,"featured_media":0,"parent":0,"menu_order":0,"comment_status":"closed","ping_status":"closed","template":"","meta":{"_coblocks_attr":"","_coblocks_dimensions":"","_coblocks_responsive_height":"","_coblocks_accordion_ie_support":"","_crdt_document":"","inline_featured_image":false,"advanced_seo_description":"","jetpack_seo_html_title":"","jetpack_seo_noindex":false,"jetpack_post_was_ever_published":false,"footnotes":""},"class_list":["post-4723","page","type-page","status-publish","hentry"],"jetpack_likes_enabled":false,"jetpack_sharing_enabled":false,"jetpack_shortlink":"https:\/\/wp.me\/PgfgpD-1eb","jetpack-related-posts":[{"id":4900,"url":"https:\/\/www.healcanada.org\/fr\/numeros-passes\/","url_meta":{"origin":4723,"position":0},"title":"Num\u00e9ros pass\u00e9s","author":"UBM_administrator","date":"15 f\u00e9vrier 2024","format":false,"excerpt":"Abonnez-vous pour recevoir le magazine num\u00e9rique E3 Advocacy Issue 9 June 2025 French MBMH Issue 7 E3 Advocacy Issue 8 MBMH Issue 6 E3 Advocacy 2025 Issue 7 MBMH Issue 5 E3 Advocacy Issue 6 Dec 2024 Issue #4 Issue 5 E3 Plaidoyer Issue #3 Issue #2 Issue 4 E3\u2026","rel":"","context":"Article similaire","block_context":{"text":"Article similaire","link":""},"img":{"alt_text":"","src":"https:\/\/i0.wp.com\/www.healcanada.org\/wp-content\/uploads\/2025\/09\/French-Cover.jpg?resize=350%2C200&ssl=1","width":350,"height":200,"srcset":"https:\/\/i0.wp.com\/www.healcanada.org\/wp-content\/uploads\/2025\/09\/French-Cover.jpg?resize=350%2C200&ssl=1 1x, https:\/\/i0.wp.com\/www.healcanada.org\/wp-content\/uploads\/2025\/09\/French-Cover.jpg?resize=525%2C300&ssl=1 1.5x, https:\/\/i0.wp.com\/www.healcanada.org\/wp-content\/uploads\/2025\/09\/French-Cover.jpg?resize=700%2C400&ssl=1 2x, https:\/\/i0.wp.com\/www.healcanada.org\/wp-content\/uploads\/2025\/09\/French-Cover.jpg?resize=1050%2C600&ssl=1 3x, https:\/\/i0.wp.com\/www.healcanada.org\/wp-content\/uploads\/2025\/09\/French-Cover.jpg?resize=1400%2C800&ssl=1 4x"},"classes":[]},{"id":4863,"url":"https:\/\/www.healcanada.org\/past-issues\/","url_meta":{"origin":4723,"position":1},"title":"Past Issues","author":"UBM_administrator","date":"15 f\u00e9vrier 2024","format":false,"excerpt":"Subscribe to receive the digital magazine E3 Advocacy Issue 11 E3 Advocacy Issue 10 MBMH Issue 8 E3 Advocacy Issue 9 June 2025 MBMH Issue 7 E3 Advocacy 2025 Issue 8 MBMH Issue 6 E3 Advocacy 2025 Issue 7 MBMH Issue 5 E3 Advocacy Issue 6 Dec 2024 MBMH Issue\u2026","rel":"","context":"Article similaire","block_context":{"text":"Article similaire","link":""},"img":{"alt_text":"","src":"https:\/\/i0.wp.com\/www.healcanada.org\/wp-content\/uploads\/2026\/03\/E3-January-2026-Issue-11_Page_001.jpg?resize=350%2C200&ssl=1","width":350,"height":200,"srcset":"https:\/\/i0.wp.com\/www.healcanada.org\/wp-content\/uploads\/2026\/03\/E3-January-2026-Issue-11_Page_001.jpg?resize=350%2C200&ssl=1 1x, https:\/\/i0.wp.com\/www.healcanada.org\/wp-content\/uploads\/2026\/03\/E3-January-2026-Issue-11_Page_001.jpg?resize=525%2C300&ssl=1 1.5x, https:\/\/i0.wp.com\/www.healcanada.org\/wp-content\/uploads\/2026\/03\/E3-January-2026-Issue-11_Page_001.jpg?resize=700%2C400&ssl=1 2x, https:\/\/i0.wp.com\/www.healcanada.org\/wp-content\/uploads\/2026\/03\/E3-January-2026-Issue-11_Page_001.jpg?resize=1050%2C600&ssl=1 3x, https:\/\/i0.wp.com\/www.healcanada.org\/wp-content\/uploads\/2026\/03\/E3-January-2026-Issue-11_Page_001.jpg?resize=1400%2C800&ssl=1 4x"},"classes":[]},{"id":4201,"url":"https:\/\/www.healcanada.org\/about\/advisory-council-application\/","url_meta":{"origin":4723,"position":2},"title":"Advisory Council Application","author":"healcanada","date":"10 septembre 2023","format":false,"excerpt":"Join Heal Canada's Patient Advisory Council Be part of the Health Canada Resource Advisory Council. Provide ongoing feedback on issues relevant to Patient Advocacy in Canada. We are looking for Patient, Care Partners, and General Advocates. Fill out the application form below and find out more details about time commitment\u2026","rel":"","context":"Article similaire","block_context":{"text":"Article similaire","link":""},"img":{"alt_text":"","src":"","width":0,"height":0},"classes":[]},{"id":4718,"url":"https:\/\/www.healcanada.org\/fr\/a-propos-de-nous\/demande-de-conseil-consultatif\/","url_meta":{"origin":4723,"position":3},"title":"Demande de conseil consultatif","author":"healcanada","date":"10 septembre 2023","format":false,"excerpt":"Joignez-vous au Conseil consultatif des patients de Gu\u00e9rir Canada Faites partie du Conseil consultatif des ressources de Gu\u00e9rison Canada. Fournir une r\u00e9troaction continue sur les questions pertinentes \u00e0 la d\u00e9fense des droits des patients au Canada. Nous recherchons des patients, des partenaires de soins et des ambassadeurs g\u00e9n\u00e9raux Envoyez vos\u2026","rel":"","context":"Article similaire","block_context":{"text":"Article similaire","link":""},"img":{"alt_text":"","src":"","width":0,"height":0},"classes":[]},{"id":75,"url":"https:\/\/www.healcanada.org\/heal-canada-digital-magazine\/","url_meta":{"origin":4723,"position":4},"title":"Heal Canada Digital Magazine","author":"healcanada","date":"2 ao\u00fbt 2023","format":false,"excerpt":"Subscribe to receive the digital magazine\u00a0\u00a0 \u00a0past issues\u00a0We're excited to unveil our new initiative, the Heal Canada Digital Magazine. More than just another digital publication, this magazine emerges from a deep-rooted understanding of the changing dynamics of Patient Advocacy in Canada and the pressing need to uplift the voices of\u2026","rel":"","context":"Article similaire","block_context":{"text":"Article similaire","link":""},"img":{"alt_text":"","src":"","width":0,"height":0},"classes":[]},{"id":5155,"url":"https:\/\/www.healcanada.org\/heal-canada-digital-magazine\/current-issues\/","url_meta":{"origin":4723,"position":5},"title":"Current issue","author":"UBM_administrator","date":"26 mars 2024","format":false,"excerpt":"","rel":"","context":"Article similaire","block_context":{"text":"Article similaire","link":""},"img":{"alt_text":"","src":"","width":0,"height":0},"classes":[]}],"_links":{"self":[{"href":"https:\/\/www.healcanada.org\/fr\/wp-json\/wp\/v2\/pages\/4723","targetHints":{"allow":["GET"]}}],"collection":[{"href":"https:\/\/www.healcanada.org\/fr\/wp-json\/wp\/v2\/pages"}],"about":[{"href":"https:\/\/www.healcanada.org\/fr\/wp-json\/wp\/v2\/types\/page"}],"author":[{"embeddable":true,"href":"https:\/\/www.healcanada.org\/fr\/wp-json\/wp\/v2\/users\/152821918"}],"replies":[{"embeddable":true,"href":"https:\/\/www.healcanada.org\/fr\/wp-json\/wp\/v2\/comments?post=4723"}],"version-history":[{"count":23,"href":"https:\/\/www.healcanada.org\/fr\/wp-json\/wp\/v2\/pages\/4723\/revisions"}],"predecessor-version":[{"id":8403,"href":"https:\/\/www.healcanada.org\/fr\/wp-json\/wp\/v2\/pages\/4723\/revisions\/8403"}],"wp:attachment":[{"href":"https:\/\/www.healcanada.org\/fr\/wp-json\/wp\/v2\/media?parent=4723"}],"curies":[{"name":"wp","href":"https:\/\/api.w.org\/{rel}","templated":true}]}}