{"id":4688,"date":"2019-02-15T17:01:31","date_gmt":"2019-02-15T22:01:31","guid":{"rendered":"http:\/\/www.healcanada.org\/4688-2\/"},"modified":"2024-01-18T05:36:03","modified_gmt":"2024-01-18T10:36:03","slug":"accueil","status":"publish","type":"page","link":"https:\/\/www.healcanada.org\/fr\/accueil\/","title":{"rendered":"Accueil"},"content":{"rendered":"\n<h2 class=\"wp-block-heading\">Bienvenue \u00e0 Gu\u00e9rison Canada :<\/h2>\n\n<h4 class=\"wp-block-heading\" style=\"text-transform:none\">Gu\u00e9rison Canada souhaite la bienvenue \u00e0 Brigitte Leonard PHD, qui s&rsquo;est jointe \u00e0 Gu\u00e9rison Canada \u00e0 titre de directrice scientifique. <\/h4>\n\n<p class=\"wp-block-paragraph\" style=\"font-size:18px\">Pr\u00e9sentation de Brigitte Leonard \u00e0 titre de directrice scientifique de Heal Canada<\/p>\n\n<p class=\"wp-block-paragraph\" style=\"font-size:18px\">Gu\u00e9rison Canada est fier d&rsquo;annoncer la nomination de Brigitte Leonard au poste de notre nouvelle directrice scientifique (CSO). Forte d\u2019une illustre carri\u00e8re de plus de deux d\u00e9cennies dans le domaine des soins de sant\u00e9 et de la recherche scientifique, Brigitte apporte une richesse de connaissances et d\u2019expertise \u00e0 notre organisation.<\/p>\n\n<p class=\"wp-block-paragraph\" style=\"font-size:18px\">Brigitte L\u00e9onard est titulaire d&rsquo;un doctorat. en biom\u00e9dical et a toujours d\u00e9montr\u00e9 son engagement \u00e0 faire progresser l\u2019innovation scientifique pour l\u2019am\u00e9lioration des soins de sant\u00e9. Elle a fait ses preuves dans la direction d&rsquo;initiatives de recherche r\u00e9volutionnaires dans l&rsquo;industrie pharmaceutique. Sa passion pour l&rsquo;am\u00e9lioration des r\u00e9sultats pour les patients et son d\u00e9vouement \u00e0 l&rsquo;excellence scientifique s&rsquo;alignent parfaitement avec la mission de Gu\u00e9rison Canada.<\/p>\n\n<p class=\"wp-block-paragraph\" style=\"font-size:18px\">En tant que CSO, Brigitte jouera un r\u00f4le central dans l&rsquo;orientation des efforts de recherche et de d\u00e9veloppement de Heal Canada. Elle dirigera notre programme Mon sang, ma sant\u00e9 en fournissant des informations nouvelles et innovantes sur les traitements et les th\u00e9rapies qui aideront les d\u00e9fenseurs des patients dans le paysage des soins de sant\u00e9 au Canada et au-del\u00e0. Sa vision strat\u00e9gique et son leadership propulseront notre organisation vers de nouveaux sommets en mati\u00e8re d&rsquo;information et d&rsquo;\u00e9ducation sur la d\u00e9fense des patients.<\/p>\n\n<p class=\"wp-block-paragraph\" style=\"font-size:18px\">\u00ab\u00a0Nous sommes ravis d&rsquo;accueillir Brigitte Leonard au sein de l&rsquo;\u00e9quipe de Heal Canada. Son leadership exceptionnel et son sens scientifique seront inestimables alors que nous continuons \u00e0 repousser les limites de la recherche m\u00e9dicale et \u00e0 apporter des solutions de soins de sant\u00e9 transformatrices \u00e0 nos communaut\u00e9s.\u00a0\u00bb<\/p>\n\n<p class=\"wp-block-paragraph\" style=\"font-size:18px\">Gu\u00e9rison Canada reste engag\u00e9 dans sa mission d&rsquo;am\u00e9liorer la sant\u00e9 et le bien-\u00eatre des Canadiens gr\u00e2ce \u00e0 des informations de pointe d\u00e9di\u00e9es \u00e0 la d\u00e9fense des droits des patients, \u00e0 l&rsquo;\u00e9ducation et \u00e0 l&rsquo;information, et la nomination de Brigitte Leonard au poste de CSO renforce notre engagement envers cette mission.<\/p>\n\n<p class=\"wp-block-paragraph\" style=\"font-size:18px\">Dans le cadre de ses fonctions, Brigitte si\u00e8gera au conseil d&rsquo;administration de Heal Canada.<\/p>\n\n<div style=\"height:36px\" aria-hidden=\"true\" class=\"wp-block-spacer\"><\/div>\n\n<p class=\"has-text-align-center wp-block-paragraph\">Gu\u00e9rir Canada est une organisation sans but lucratif qui se consacre \u00e0 la d\u00e9fense des droits des patients, \u00e0 l&rsquo;\u00e9ducation et \u00e0 la collaboration entre les groupes de d\u00e9fense des droits des patients et d&rsquo;autres intervenants des soins de sant\u00e9.<\/p>\n\n<h2 class=\"wp-block-heading\"><strong>NOS VALEURS FONDAMENTALES GUIDENT NOTRE TRAVAIL ET NOS D\u00c9CISIONS :<\/strong><\/h2>\n\n<p class=\"wp-block-paragraph\" style=\"font-size:18px\"><strong>Autonomisation des patients:<\/strong> Nous pensons que chaque patient a le droit d\u2019\u00eatre inform\u00e9, impliqu\u00e9 et autonome dans son parcours de soins de sant\u00e9. Nous nous effor\u00e7ons d&rsquo;\u00e9duquer les patients et les groupes de d\u00e9fense des patients sur leurs droits, les options de traitement et les strat\u00e9gies de soins auto-administr\u00e9s, leur permettant de prendre des d\u00e9cisions \u00e9clair\u00e9es et de participer activement \u00e0 leurs soins de sant\u00e9.<\/p>\n\n<p class=\"wp-block-paragraph\" style=\"font-size:18px\"><strong>\u00c9ducation et sensibilisation:<\/strong> Nous nous engageons \u00e0 sensibiliser les gens aux probl\u00e8mes li\u00e9s \u00e0 la sant\u00e9 et \u00e0 fournir des informations factuelles aux patients, aux soignants et au public. Gr\u00e2ce \u00e0 des programmes \u00e9ducatifs, des ateliers, des s\u00e9minaires et des ressources en ligne, nous visons \u00e0 am\u00e9liorer les connaissances en mati\u00e8re de sant\u00e9 et \u00e0 promouvoir des pratiques de soins de sant\u00e9 proactives.<\/p>\n\n<p class=\"wp-block-paragraph\" style=\"font-size:18px\"><strong>Collaboration et partenariats:<\/strong> Nous croyons au pouvoir de la collaboration et recherchons activement des partenariats avec des prestataires de soins de sant\u00e9, des d\u00e9cideurs politiques, des organisations communautaires et d&rsquo;autres parties prenantes pour relever collectivement les d\u00e9fis des soins de sant\u00e9. En favorisant des relations solides, nous travaillons \u00e0 la cr\u00e9ation d\u2019un \u00e9cosyst\u00e8me de soins de sant\u00e9 centr\u00e9 sur le patient, inclusif et adapt\u00e9 \u00e0 l\u2019\u00e9volution des besoins.<\/p>\n\n<p class=\"wp-block-paragraph\" style=\"font-size:18px\"><strong>Normes \u00e9thiques:<\/strong> Nous respectons les normes \u00e9thiques les plus \u00e9lev\u00e9es dans l\u2019ensemble de nos activit\u00e9s, garantissant la transparence, l&rsquo;int\u00e9grit\u00e9 et la responsabilit\u00e9. Nous accordons la priorit\u00e9 \u00e0 la vie priv\u00e9e, \u00e0 la confidentialit\u00e9 et \u00e0 la protection des donn\u00e9es des patients tout en respectant les exigences l\u00e9gales et r\u00e9glementaires.<\/p>\n\n<h2 class=\"wp-block-heading\"><strong>NOS OBJECTIFS STRAT\u00c9GIQUES POUR R\u00c9ALISER NOTRE MISSION:<\/strong><\/h2>\n\n<p class=\"wp-block-paragraph\" style=\"font-size:18px\"><strong>\u00c9ducation et soutien des patients:<\/strong> D\u00e9velopper et proposer des initiatives \u00e9ducatives, des ressources et des programmes de soutien qui permettent aux patients de s&rsquo;impliquer activement dans leurs soins de sant\u00e9, de prendre des d\u00e9cisions \u00e9clair\u00e9es et d&rsquo;am\u00e9liorer l&rsquo;autogestion des maladies chroniques.<\/p>\n\n<p class=\"wp-block-paragraph\" style=\"font-size:18px\"><strong>D\u00e9fense des droits des soins de sant\u00e9:<\/strong> Collaborer avec les d\u00e9fenseurs des patients pour les aider \u00e0 d\u00e9fendre les int\u00e9r\u00eats de leur communaut\u00e9, des soignants et des familles. Rem\u00e9dier\/Soulever\/ Adresser les disparit\u00e9s en mati\u00e8re de soins de sant\u00e9 ainsi que de prot\u00e9ger les droits et les int\u00e9r\u00eats des patients.<\/p>\n\n<p class=\"wp-block-paragraph\" style=\"font-size:18px\"><strong>Collaboration et partenariats:<\/strong> \u00c9tablir et entretenir des partenariats avec des organisations de soins de sant\u00e9, des groupes de d\u00e9fense des patients, des \u00e9tablissements universitaires et des organismes gouvernementaux pour collaborer sur des projets, partager des ressources et travailler collectivement \u00e0 l&rsquo;am\u00e9lioration des bilans des soins de sant\u00e9 au Canada.<\/p>\n\n<p class=\"wp-block-paragraph\" style=\"font-size:18px\"><strong>Recherche et innovation:<\/strong> soutenir et mener des initiatives de recherche qui font progresser les soins centr\u00e9s sur le patient, explorent des solutions de sant\u00e9 innovantes et contribuent aux pratiques fond\u00e9es sur des donn\u00e9es probantes. Diffuser les r\u00e9sultats de la recherche pour informer les professionnels de la sant\u00e9, les d\u00e9cideurs politiques et le public.<\/p>\n\n<p class=\"wp-block-paragraph\" style=\"font-size:18px\"><strong>Engagement communautaire:<\/strong> favoriser l&rsquo;engagement communautaire par le biais de programmes de sensibilisation, de foires sur la sant\u00e9 et de campagnes de sensibilisation visant \u00e0 promouvoir les connaissances en mati\u00e8re de sant\u00e9, les soins pr\u00e9ventifs et l&rsquo;intervention pr\u00e9coce. Collaborer avec les communaut\u00e9s pour identifier et r\u00e9pondre \u00e0 leurs besoins sp\u00e9cifiques en mati\u00e8re de soins de sant\u00e9.<\/p>\n\n<p class=\"wp-block-paragraph\" style=\"font-size:18px\"><strong>Faire progresser la sant\u00e9:<\/strong> Heal Canada peut \u0153uvrer \u00e0 l\u2019am\u00e9lioration de la sant\u00e9 des Canadiens en favorisant la pr\u00e9vention des maladies, un mode de vie sain et l\u2019acc\u00e8s \u00e0 des services de sant\u00e9 de qualit\u00e9.<\/p>\n\n<p class=\"wp-block-paragraph\" style=\"font-size:18px\"><strong>Soutenir la d\u00e9fense des droits des patients:<\/strong> Gu\u00e9rir Canada peut d\u00e9fendre les droits et le bien-\u00eatre des patients, en veillant \u00e0 ce qu&rsquo;ils aient leur mot \u00e0 dire dans la prise de d\u00e9cision en mati\u00e8re de soins de sant\u00e9 et en soutenant leur acc\u00e8s aux soins et traitements appropri\u00e9s.<\/p>\n\n<p class=\"wp-block-paragraph\" style=\"font-size:18px\"><strong>Promouvoir l&rsquo;enseignement de la sant\u00e9:<\/strong> l&rsquo;organisation peut \u00e9duquer le public sur des questions li\u00e9es \u00e0 la sant\u00e9, telles que la sensibilisation aux maladies, les options de traitement, les droits et les responsabilit\u00e9s en mati\u00e8re de soins de sant\u00e9, afin d&rsquo;accro\u00eetre les connaissances en mati\u00e8re de sant\u00e9 et de permettre aux individus de prendre des d\u00e9cisions \u00e9clair\u00e9es.<\/p>\n\n<p class=\"wp-block-paragraph\" style=\"font-size:18px\"><strong>Faire progresser la recherche en sant\u00e9:<\/strong> Gu\u00e9rir Canada peut soutenir des initiatives de recherche m\u00e9dicale visant \u00e0 faire progresser les connaissances, \u00e0 am\u00e9liorer les traitements et \u00e0 trouver des rem\u00e8des \u00e0 des maladies ou \u00e0 des affections sp\u00e9cifiques.<\/p>\n\n<p class=\"wp-block-paragraph\" style=\"font-size:18px\"><strong>Soutenir les populations vuln\u00e9rables:<\/strong> <strong>:<\/strong> L&rsquo;organisation peut se concentrer sur le soutien aux populations vuln\u00e9rables, telles que les enfants, les personnes \u00e2g\u00e9es, les personnes \u00e0 faible revenu et les communaut\u00e9s marginalis\u00e9es, pour garantir qu&rsquo;elles aient un acc\u00e8s \u00e9quitable aux services et ressources de sant\u00e9.<\/p>\n\n<p class=\"wp-block-paragraph\" style=\"font-size:18px\"><strong>Fournir des services de soutien aux patients:<\/strong> Gu\u00e9rir Canada peut fournir des services de soutien aux patients et \u00e0 leurs familles, notamment un soutien \u00e9motionnel, une aide \u00e0 la navigation au sein du syst\u00e8me de sant\u00e9 et une aide financi\u00e8re en cas de besoin.<\/p>\n\n<p class=\"wp-block-paragraph\" style=\"font-size:18px\"><strong>Promouvoir l&rsquo;\u00e9quit\u00e9 en sant\u00e9<\/strong> : l&rsquo;organisation peut \u0153uvrer \u00e0 la r\u00e9duction des disparit\u00e9s en mati\u00e8re de sant\u00e9 et \u00e0 la promotion d&rsquo;un acc\u00e8s \u00e9quitable aux soins de sant\u00e9, en mettant particuli\u00e8rement l&rsquo;accent sur les communaut\u00e9s et les r\u00e9gions moins bien desservies.<\/p>\n\n<p class=\"wp-block-paragraph\" style=\"font-size:18px\"><strong>Collaborer avec les parties prenantes du secteur de la sant\u00e9:<\/strong> l&rsquo;organisation peut collaborer avec les prestataires de soins de sant\u00e9, les d\u00e9cideurs politiques et d&rsquo;autres parties prenantes pour favoriser la collaboration et contribuer \u00e0 l&rsquo;am\u00e9lioration globale du syst\u00e8me de sant\u00e9.<\/p>\n\n<p class=\"wp-block-paragraph\" style=\"font-size:18px\"><strong>D\u00e9veloppement professionnel:<\/strong> offrir des opportunit\u00e9s de formation et des programmes de d\u00e9veloppement professionnel aux prestataires de soins de sant\u00e9, aux soignants et aux d\u00e9fenseurs des patients afin d&rsquo;am\u00e9liorer leurs connaissances, leurs comp\u00e9tences et leur compr\u00e9hension des soins centr\u00e9s sur le patient.<\/p>\n\n<p class=\"wp-block-paragraph\" style=\"font-size:18px\">Gr\u00e2ce \u00e0 notre engagement in\u00e9branlable envers l&rsquo;autonomisation des patients, l&rsquo;\u00e9ducation, la d\u00e9fense des droits et la collaboration, Gu\u00e9rir Canada s&rsquo;efforce d&rsquo;\u00eatre \u00e0 l&rsquo;avant-garde de la transformation du paysage des soins de sant\u00e9 au Canada, en veillant \u00e0 ce que chaque individu re\u00e7oive les soins qu&rsquo;il m\u00e9rite et en am\u00e9liorant la sant\u00e9 et le bien-\u00eatre g\u00e9n\u00e9ral de tous les Canadiens.<\/p>\n","protected":false},"excerpt":{"rendered":"<p>Bienvenue \u00e0 Gu\u00e9rison Canada : Gu\u00e9rison Canada souhaite la bienvenue \u00e0 Brigitte Leonard PHD, qui s&rsquo;est jointe \u00e0 Gu\u00e9rison Canada \u00e0 titre de directrice scientifique. Pr\u00e9sentation de Brigitte Leonard \u00e0 titre de directrice scientifique de Heal Canada Gu\u00e9rison Canada est fier d&rsquo;annoncer la nomination de Brigitte Leonard au poste de notre nouvelle directrice scientifique (CSO). &hellip; <a href=\"https:\/\/www.healcanada.org\/fr\/accueil\/\" class=\"more-link\">Continue reading <span class=\"screen-reader-text\">Accueil<\/span><\/a><\/p>\n","protected":false},"author":152821918,"featured_media":0,"parent":0,"menu_order":1,"comment_status":"closed","ping_status":"closed","template":"","meta":{"_coblocks_attr":"","_coblocks_dimensions":"","_coblocks_responsive_height":"","_coblocks_accordion_ie_support":"","_crdt_document":"","inline_featured_image":false,"advanced_seo_description":"","jetpack_seo_html_title":"","jetpack_seo_noindex":false,"jetpack_post_was_ever_published":false,"footnotes":""},"class_list":["post-4688","page","type-page","status-publish","hentry"],"jetpack_likes_enabled":false,"jetpack_sharing_enabled":false,"jetpack_shortlink":"https:\/\/wp.me\/PgfgpD-1dC","jetpack-related-posts":[{"id":7541,"url":"https:\/\/www.healcanada.org\/fr\/a-propos-de-nous\/conseil-dadministration\/","url_meta":{"origin":4688,"position":0},"title":"Conseil d&rsquo;administration","author":"UBM_administrator","date":"9 mars 2025","format":false,"excerpt":"Pr\u00e9sentation de Brigitte Leonard \u00e0 titre de directrice scientifique de Heal Canada Gu\u00e9rison Canada est fier d'annoncer la nomination de Brigitte Leonard au poste de notre nouvelle directrice scientifique (CSO). Forte d\u2019une illustre carri\u00e8re de plus de deux d\u00e9cennies dans le domaine des soins de sant\u00e9 et de la recherche\u2026","rel":"","context":"Article similaire","block_context":{"text":"Article similaire","link":""},"img":{"alt_text":"","src":"","width":0,"height":0},"classes":[]},{"id":7607,"url":"https:\/\/www.healcanada.org\/fr\/a-propos-de-nous\/mission-et-vision-de-guerison-canada\/","url_meta":{"origin":4688,"position":1},"title":"Mission et vision de Gu\u00e9rison Canada","author":"UBM_administrator","date":"12 mars 2025","format":false,"excerpt":"La mission de Gu\u00e9rison Canada Chez Gu\u00e9rir Canada, notre mission est d'autonomiser les patients, d'am\u00e9liorer les r\u00e9sultats des soins de sant\u00e9 et de plaider en faveur d'un acc\u00e8s \u00e9quitable \u00e0 des soins de sant\u00e9 de qualit\u00e9 partout au Canada. En tant qu'organisation sans but lucratif de d\u00e9fense et d'\u00e9ducation des\u2026","rel":"","context":"Article similaire","block_context":{"text":"Article similaire","link":""},"img":{"alt_text":"","src":"","width":0,"height":0},"classes":[]},{"id":4723,"url":"https:\/\/www.healcanada.org\/fr\/magazine-numerique-guerison-canada\/","url_meta":{"origin":4688,"position":2},"title":"Magazine num\u00e9rique Gu\u00e9rison Canada","author":"healcanada","date":"2 ao\u00fbt 2023","format":false,"excerpt":"Abonnez-vous pour recevoir le magazine num\u00e9rique Num\u00e9ros pass\u00e9s Nous sommes ravis de d\u00e9voiler notre nouvelle initiative, le magazine num\u00e9rique Heal Canada. Plus qu'une simple publication num\u00e9rique, ce magazine \u00e9merge d'une compr\u00e9hension profonde de la dynamique changeante de la d\u00e9fense des droits des patients au Canada et du besoin urgent de\u2026","rel":"","context":"Article similaire","block_context":{"text":"Article similaire","link":""},"img":{"alt_text":"","src":"","width":0,"height":0},"classes":[]},{"id":4718,"url":"https:\/\/www.healcanada.org\/fr\/a-propos-de-nous\/demande-de-conseil-consultatif\/","url_meta":{"origin":4688,"position":3},"title":"Demande de conseil consultatif","author":"healcanada","date":"10 septembre 2023","format":false,"excerpt":"Joignez-vous au Conseil consultatif des patients de Gu\u00e9rir Canada Faites partie du Conseil consultatif des ressources de Gu\u00e9rison Canada. Fournir une r\u00e9troaction continue sur les questions pertinentes \u00e0 la d\u00e9fense des droits des patients au Canada. Nous recherchons des patients, des partenaires de soins et des ambassadeurs g\u00e9n\u00e9raux Envoyez vos\u2026","rel":"","context":"Article similaire","block_context":{"text":"Article similaire","link":""},"img":{"alt_text":"","src":"","width":0,"height":0},"classes":[]},{"id":7427,"url":"https:\/\/www.healcanada.org\/about\/board-of-directors\/","url_meta":{"origin":4688,"position":4},"title":"Board of Directors","author":"UBM_administrator","date":"9 mars 2025","format":false,"excerpt":"Introducing Brigitte Leonard as Chief Scientific Officer for Heal Canada Heal Canada is proud to announce the appointment of Brigitte Leonard as our new Chief Scientific Officer (CSO). With an illustrious career spanning over two decades in the field of healthcare and scientific research, Brigitte brings a wealth of knowledge\u2026","rel":"","context":"Article similaire","block_context":{"text":"Article similaire","link":""},"img":{"alt_text":"","src":"","width":0,"height":0},"classes":[]},{"id":4,"url":"https:\/\/www.healcanada.org\/home-2\/","url_meta":{"origin":4688,"position":5},"title":"Home","author":"healcanada","date":"15 f\u00e9vrier 2019","format":false,"excerpt":"Welcome to Heal Canada: Heal Canada would like to welcome Brigitte Leonard PHD, who has joined heal Canada as the Chief Scientific Officer.\u00a0 Introducing Brigitte Leonard as Chief Scientific Officer for Heal Canada Heal Canada is proud to announce the appointment of Brigitte Leonard as our new Chief Scientific Officer\u2026","rel":"","context":"Article similaire","block_context":{"text":"Article similaire","link":""},"img":{"alt_text":"","src":"","width":0,"height":0},"classes":[]}],"_links":{"self":[{"href":"https:\/\/www.healcanada.org\/fr\/wp-json\/wp\/v2\/pages\/4688","targetHints":{"allow":["GET"]}}],"collection":[{"href":"https:\/\/www.healcanada.org\/fr\/wp-json\/wp\/v2\/pages"}],"about":[{"href":"https:\/\/www.healcanada.org\/fr\/wp-json\/wp\/v2\/types\/page"}],"author":[{"embeddable":true,"href":"https:\/\/www.healcanada.org\/fr\/wp-json\/wp\/v2\/users\/152821918"}],"replies":[{"embeddable":true,"href":"https:\/\/www.healcanada.org\/fr\/wp-json\/wp\/v2\/comments?post=4688"}],"version-history":[{"count":6,"href":"https:\/\/www.healcanada.org\/fr\/wp-json\/wp\/v2\/pages\/4688\/revisions"}],"predecessor-version":[{"id":4703,"href":"https:\/\/www.healcanada.org\/fr\/wp-json\/wp\/v2\/pages\/4688\/revisions\/4703"}],"wp:attachment":[{"href":"https:\/\/www.healcanada.org\/fr\/wp-json\/wp\/v2\/media?parent=4688"}],"curies":[{"name":"wp","href":"https:\/\/api.w.org\/{rel}","templated":true}]}}